{"id":33359,"date":"2021-11-14T01:36:36","date_gmt":"2021-11-14T00:36:36","guid":{"rendered":"https:\/\/sanlorenzohome.it\/demander-des-points-de-vente\/"},"modified":"2026-04-08T08:49:45","modified_gmt":"2026-04-08T06:49:45","slug":"demander-des-points-de-vente","status":"publish","type":"page","link":"https:\/\/sanlorenzohome.it\/fr\/demander-des-points-de-vente\/","title":{"rendered":"Demander des points de vente"},"content":{"rendered":"[vc_row type=\u00a0\u00bbfull_width_content\u00a0\u00bb full_screen_row_position=\u00a0\u00bbmiddle\u00a0\u00bb column_margin=\u00a0\u00bbdefault\u00a0\u00bb equal_height=\u00a0\u00bbyes\u00a0\u00bb column_direction=\u00a0\u00bbdefault\u00a0\u00bb column_direction_tablet=\u00a0\u00bbdefault\u00a0\u00bb column_direction_phone=\u00a0\u00bbdefault\u00a0\u00bb bg_color=\u00a0\u00bb#000000&Prime; scene_position=\u00a0\u00bbcenter\u00a0\u00bb text_color=\u00a0\u00bblight\u00a0\u00bb text_align=\u00a0\u00bbleft\u00a0\u00bb row_border_radius=\u00a0\u00bbnone\u00a0\u00bb row_border_radius_applies=\u00a0\u00bbbg\u00a0\u00bb row_position_desktop=\u00a0\u00bbdefault\u00a0\u00bb row_position_tablet=\u00a0\u00bbinherit\u00a0\u00bb row_position_phone=\u00a0\u00bbinherit\u00a0\u00bb overflow=\u00a0\u00bbhidden\u00a0\u00bb color_overlay=\u00a0\u00bb#838483&Prime; advanced_gradient_angle=\u00a0\u00bb15&Prime; overlay_strength=\u00a0\u00bb0.3&Prime; gradient_direction=\u00a0\u00bbleft_to_right\u00a0\u00bb shape_divider_position=\u00a0\u00bbbottom\u00a0\u00bb bg_image_animation=\u00a0\u00bbnone\u00a0\u00bb video_mute=\u00a0\u00bbtrue\u00a0\u00bb shape_type=\u00a0\u00bbstraight_section\u00a0\u00bb gradient_type=\u00a0\u00bbdefault\u00a0\u00bb][vc_column column_padding=\u00a0\u00bbno-extra-padding\u00a0\u00bb column_padding_tablet=\u00a0\u00bbinherit\u00a0\u00bb column_padding_phone=\u00a0\u00bbinherit\u00a0\u00bb column_padding_position=\u00a0\u00bball\u00a0\u00bb flex_gap_desktop=\u00a0\u00bb10px\u00a0\u00bb column_element_direction_desktop=\u00a0\u00bbdefault\u00a0\u00bb column_element_spacing=\u00a0\u00bb0px\u00a0\u00bb desktop_text_alignment=\u00a0\u00bbdefault\u00a0\u00bb tablet_text_alignment=\u00a0\u00bbdefault\u00a0\u00bb phone_text_alignment=\u00a0\u00bbdefault\u00a0\u00bb background_color_opacity=\u00a0\u00bb1&Prime; background_hover_color_opacity=\u00a0\u00bb1&Prime; column_backdrop_filter=\u00a0\u00bbnone\u00a0\u00bb column_shadow=\u00a0\u00bbnone\u00a0\u00bb column_border_radius=\u00a0\u00bbnone\u00a0\u00bb column_link_target=\u00a0\u00bb_self\u00a0\u00bb column_position=\u00a0\u00bbstatic\u00a0\u00bb advanced_gradient_angle=\u00a0\u00bb0&Prime; gradient_direction=\u00a0\u00bbleft_to_right\u00a0\u00bb overlay_strength=\u00a0\u00bb0.3&Prime; width=\u00a0\u00bb1\/1&Prime; tablet_width_inherit=\u00a0\u00bbdefault\u00a0\u00bb animation_type=\u00a0\u00bbdefault\u00a0\u00bb bg_image_animation=\u00a0\u00bbnone\u00a0\u00bb border_type=\u00a0\u00bbsimple\u00a0\u00bb column_border_width=\u00a0\u00bbnone\u00a0\u00bb column_border_style=\u00a0\u00bbsolid\u00a0\u00bb gradient_type=\u00a0\u00bbdefault\u00a0\u00bb column_padding_type=\u00a0\u00bbdefault\u00a0\u00bb][carousel script=\u00a0\u00bbsimple_slider\u00a0\u00bb simple_slider_sizing=\u00a0\u00bbpercentage\u00a0\u00bb simple_slider_height=\u00a0\u00bb50vh\u00a0\u00bb simple_slider_transition_type=\u00a0\u00bbfade\u00a0\u00bb][item simple_slider_bg_image_url=\u00a0\u00bb30424&Prime; simple_slider_bg_image_position=\u00a0\u00bbcenter-top\u00a0\u00bb simple_slider_font_color=\u00a0\u00bb#ffffff\u00a0\u00bb simple_slider_color_overlay=\u00a0\u00bbrgba(0,0,0,0.74)\u00a0\u00bb simple_slider_overlay_strength=\u00a0\u00bb0.3&Prime; simple_slider_bg_image_loading=\u00a0\u00bbdefault\u00a0\u00bb flickity_bg_image_loading=\u00a0\u00bbdefault\u00a0\u00bb flex_gap_desktop=\u00a0\u00bb10px\u00a0\u00bb flickity_item_link_type=\u00a0\u00bbregular\u00a0\u00bb simple_slider_gradient_direction=\u00a0\u00bbleft_to_right\u00a0\u00bb bg_image_url=\u00a0\u00bb\u00a0\u00bb bg_image_position=\u00a0\u00bbdefault\u00a0\u00bb image_url=\u00a0\u00bb\u00a0\u00bb id=\u00a0\u00bb1765468041586-4&Prime; title=\u00a0\u00bbItem\u00a0\u00bb tab_id=\u00a0\u00bb1765468041586-10&Prime;][nectar_highlighted_text style=\u00a0\u00bbnone\u00a0\u00bb font_size_tablet=\u00a0\u00bb35px\u00a0\u00bb font_line_height=\u00a0\u00bb1&Prime; font_size_phone=\u00a0\u00bb30px\u00a0\u00bb text_direction=\u00a0\u00bbltr\u00a0\u00bb custom_font_size=\u00a0\u00bb40px\u00a0\u00bb]\n<h1>Nos revendeurs<\/h1>\n[\/nectar_highlighted_text][nectar_highlighted_text style=\u00a0\u00bbnone\u00a0\u00bb font_size_tablet=\u00a0\u00bb30px\u00a0\u00bb font_line_height=\u00a0\u00bb1&Prime; font_size_phone=\u00a0\u00bb20px\u00a0\u00bb text_direction=\u00a0\u00bbltr\u00a0\u00bb]\n<h5>Les produits San Lorenzo Home sont disponibles dans une s\u00e9lection de magasins<br \/>sp\u00e9cialis\u00e9s dans les matelas et les syst\u00e8mes de literie de qualit\u00e9.<\/h5>\n[\/nectar_highlighted_text][\/item][\/carousel][\/vc_column][\/vc_row][vc_row type=\u00a0\u00bbfull_width_background\u00a0\u00bb full_screen_row_position=\u00a0\u00bbmiddle\u00a0\u00bb column_margin=\u00a0\u00bbdefault\u00a0\u00bb column_direction=\u00a0\u00bbdefault\u00a0\u00bb column_direction_tablet=\u00a0\u00bbdefault\u00a0\u00bb column_direction_phone=\u00a0\u00bbdefault\u00a0\u00bb scene_position=\u00a0\u00bbcenter\u00a0\u00bb top_padding=\u00a0\u00bb4%\u00a0\u00bb bottom_padding=\u00a0\u00bb4%\u00a0\u00bb top_padding_tablet=\u00a0\u00bb5%\u00a0\u00bb constrain_group_3=\u00a0\u00bbyes\u00a0\u00bb bottom_padding_tablet=\u00a0\u00bb5%\u00a0\u00bb top_padding_phone=\u00a0\u00bb30%\u00a0\u00bb constrain_group_5=\u00a0\u00bbyes\u00a0\u00bb bottom_padding_phone=\u00a0\u00bb30%\u00a0\u00bb text_color=\u00a0\u00bbdark\u00a0\u00bb text_align=\u00a0\u00bbleft\u00a0\u00bb row_border_radius=\u00a0\u00bbnone\u00a0\u00bb row_border_radius_applies=\u00a0\u00bbbg\u00a0\u00bb row_position_desktop=\u00a0\u00bbdefault\u00a0\u00bb row_position_tablet=\u00a0\u00bbinherit\u00a0\u00bb row_position_phone=\u00a0\u00bbinherit\u00a0\u00bb overflow=\u00a0\u00bbvisible\u00a0\u00bb id=\u00a0\u00bbcontatti\u00a0\u00bb overlay_strength=\u00a0\u00bb0.3&Prime; gradient_direction=\u00a0\u00bbleft_to_right\u00a0\u00bb shape_divider_position=\u00a0\u00bbbottom\u00a0\u00bb bg_image_animation=\u00a0\u00bbnone\u00a0\u00bb gradient_type=\u00a0\u00bbdefault\u00a0\u00bb shape_type=\u00a0\u00bb\u00a0\u00bb][vc_column left_padding_desktop=\u00a0\u00bb0&Prime; constrain_group_101=\u00a0\u00bbyes\u00a0\u00bb right_padding_desktop=\u00a0\u00bb0&Prime; left_padding_phone=\u00a0\u00bb5%\u00a0\u00bb constrain_group_105=\u00a0\u00bbyes\u00a0\u00bb right_padding_phone=\u00a0\u00bb5%\u00a0\u00bb constrain_group_2=\u00a0\u00bbyes\u00a0\u00bb flex_gap_desktop=\u00a0\u00bb10px\u00a0\u00bb column_element_direction_desktop=\u00a0\u00bbdefault\u00a0\u00bb column_element_spacing=\u00a0\u00bbdefault\u00a0\u00bb desktop_text_alignment=\u00a0\u00bbdefault\u00a0\u00bb tablet_text_alignment=\u00a0\u00bbdefault\u00a0\u00bb phone_text_alignment=\u00a0\u00bbdefault\u00a0\u00bb background_color_opacity=\u00a0\u00bb1&Prime; background_hover_color_opacity=\u00a0\u00bb1&Prime; column_backdrop_filter=\u00a0\u00bbnone\u00a0\u00bb column_shadow=\u00a0\u00bbnone\u00a0\u00bb column_border_radius=\u00a0\u00bbnone\u00a0\u00bb column_link_target=\u00a0\u00bb_self\u00a0\u00bb column_position=\u00a0\u00bbdefault\u00a0\u00bb gradient_direction=\u00a0\u00bbleft_to_right\u00a0\u00bb overlay_strength=\u00a0\u00bb0.3&Prime; width=\u00a0\u00bb1\/1&Prime; tablet_width_inherit=\u00a0\u00bbdefault\u00a0\u00bb animation_type=\u00a0\u00bbdefault\u00a0\u00bb bg_image_animation=\u00a0\u00bbnone\u00a0\u00bb border_type=\u00a0\u00bbsimple\u00a0\u00bb column_border_width=\u00a0\u00bbnone\u00a0\u00bb column_border_style=\u00a0\u00bbsolid\u00a0\u00bb column_padding_type=\u00a0\u00bbadvanced\u00a0\u00bb gradient_type=\u00a0\u00bbdefault\u00a0\u00bb][vc_column_text css=\u00a0\u00bb\u00a0\u00bb text_direction=\u00a0\u00bbdefault\u00a0\u00bb el_id=\u00a0\u00bbsuperstoremap\u00a0\u00bb][\/vc_column_text][\/vc_column][\/vc_row]\n","protected":false},"excerpt":{"rendered":"<p>[vc_row type=\u00a0\u00bbfull_width_content\u00a0\u00bb full_screen_row_position=\u00a0\u00bbmiddle\u00a0\u00bb column_margin=\u00a0\u00bbdefault\u00a0\u00bb equal_height=\u00a0\u00bbyes\u00a0\u00bb column_direction=\u00a0\u00bbdefault\u00a0\u00bb column_direction_tablet=\u00a0\u00bbdefault\u00a0\u00bb column_direction_phone=\u00a0\u00bbdefault\u00a0\u00bb bg_color=\u00a0\u00bb#000000&Prime; scene_position=\u00a0\u00bbcenter\u00a0\u00bb text_color=\u00a0\u00bblight\u00a0\u00bb text_align=\u00a0\u00bbleft\u00a0\u00bb row_border_radius=\u00a0\u00bbnone\u00a0\u00bb row_border_radius_applies=\u00a0\u00bbbg\u00a0\u00bb row_position_desktop=\u00a0\u00bbdefault\u00a0\u00bb row_position_tablet=\u00a0\u00bbinherit\u00a0\u00bb row_position_phone=\u00a0\u00bbinherit\u00a0\u00bb overflow=\u00a0\u00bbhidden\u00a0\u00bb color_overlay=\u00a0\u00bb#838483&Prime; advanced_gradient_angle=\u00a0\u00bb15&Prime; overlay_strength=\u00a0\u00bb0.3&Prime; gradient_direction=\u00a0\u00bbleft_to_right\u00a0\u00bb shape_divider_position=\u00a0\u00bbbottom\u00a0\u00bb bg_image_animation=\u00a0\u00bbnone\u00a0\u00bb video_mute=\u00a0\u00bbtrue\u00a0\u00bb shape_type=\u00a0\u00bbstraight_section\u00a0\u00bb gradient_type=\u00a0\u00bbdefault\u00a0\u00bb][vc_column column_padding=\u00a0\u00bbno-extra-padding\u00a0\u00bb column_padding_tablet=\u00a0\u00bbinherit\u00a0\u00bb column_padding_phone=\u00a0\u00bbinherit\u00a0\u00bb&#8230;<\/p>\n","protected":false},"author":6,"featured_media":0,"parent":0,"menu_order":0,"comment_status":"closed","ping_status":"closed","template":"","meta":{"footnotes":""},"class_list":["post-33359","page","type-page","status-publish"],"yoast_head":"<!-- This site is optimized with the Yoast SEO plugin v26.9 - https:\/\/yoast.com\/product\/yoast-seo-wordpress\/ -->\n<title>Demander des points de vente | San Lorenzo Accueil<\/title>\n<meta name=\"description\" content=\"Trouvez le magasin San Lorenzo Home le plus proche de chez vous et d\u00e9couvrez o\u00f9 essayer les matelas, les lits et les syst\u00e8mes de literie Made in Italy.\" \/>\n<meta name=\"robots\" content=\"noindex, nofollow\" \/>\n<meta property=\"og:locale\" content=\"fr_FR\" \/>\n<meta property=\"og:type\" content=\"article\" \/>\n<meta property=\"og:title\" content=\"Demander des points de vente | San Lorenzo Accueil\" \/>\n<meta property=\"og:description\" content=\"Trouvez le magasin San Lorenzo Home le plus proche de chez vous et d\u00e9couvrez o\u00f9 essayer les matelas, les lits et les syst\u00e8mes de literie Made in Italy.\" \/>\n<meta property=\"og:url\" content=\"https:\/\/sanlorenzohome.it\/fr\/demander-des-points-de-vente\/\" \/>\n<meta property=\"og:site_name\" content=\"San Lorenzo Home\" \/>\n<meta property=\"article:modified_time\" content=\"2026-04-08T06:49:45+00:00\" \/>\n<meta name=\"twitter:card\" content=\"summary_large_image\" \/>\n<meta name=\"twitter:label1\" content=\"Dur\u00e9e de lecture estim\u00e9e\" \/>\n\t<meta name=\"twitter:data1\" content=\"3 minutes\" \/>\n<script type=\"application\/ld+json\" class=\"yoast-schema-graph\">{\"@context\":\"https:\/\/schema.org\",\"@graph\":[{\"@type\":\"WebPage\",\"@id\":\"https:\/\/sanlorenzohome.it\/fr\/demander-des-points-de-vente\/\",\"url\":\"https:\/\/sanlorenzohome.it\/fr\/demander-des-points-de-vente\/\",\"name\":\"Demander des points de vente | San Lorenzo Accueil\",\"isPartOf\":{\"@id\":\"https:\/\/sanlorenzohome.it\/fr\/#website\"},\"datePublished\":\"2021-11-14T00:36:36+00:00\",\"dateModified\":\"2026-04-08T06:49:45+00:00\",\"description\":\"Trouvez le magasin San Lorenzo Home le plus proche de chez vous et d\u00e9couvrez o\u00f9 essayer les matelas, les lits et les syst\u00e8mes de literie Made in Italy.\",\"breadcrumb\":{\"@id\":\"https:\/\/sanlorenzohome.it\/fr\/demander-des-points-de-vente\/#breadcrumb\"},\"inLanguage\":\"fr-FR\",\"potentialAction\":[{\"@type\":\"ReadAction\",\"target\":[\"https:\/\/sanlorenzohome.it\/fr\/demander-des-points-de-vente\/\"]}]},{\"@type\":\"BreadcrumbList\",\"@id\":\"https:\/\/sanlorenzohome.it\/fr\/demander-des-points-de-vente\/#breadcrumb\",\"itemListElement\":[{\"@type\":\"ListItem\",\"position\":1,\"name\":\"Home\",\"item\":\"https:\/\/sanlorenzohome.it\/fr\/\"},{\"@type\":\"ListItem\",\"position\":2,\"name\":\"Demander des points de vente\"}]},{\"@type\":\"WebSite\",\"@id\":\"https:\/\/sanlorenzohome.it\/fr\/#website\",\"url\":\"https:\/\/sanlorenzohome.it\/fr\/\",\"name\":\"San Lorenzo Home\",\"description\":\"\",\"potentialAction\":[{\"@type\":\"SearchAction\",\"target\":{\"@type\":\"EntryPoint\",\"urlTemplate\":\"https:\/\/sanlorenzohome.it\/fr\/?s={search_term_string}\"},\"query-input\":{\"@type\":\"PropertyValueSpecification\",\"valueRequired\":true,\"valueName\":\"search_term_string\"}}],\"inLanguage\":\"fr-FR\"}]}<\/script>\n<!-- \/ Yoast SEO plugin. -->","yoast_head_json":{"title":"Demander des points de vente | San Lorenzo Accueil","description":"Trouvez le magasin San Lorenzo Home le plus proche de chez vous et d\u00e9couvrez o\u00f9 essayer les matelas, les lits et les syst\u00e8mes de literie Made in Italy.","robots":{"index":"noindex","follow":"nofollow"},"og_locale":"fr_FR","og_type":"article","og_title":"Demander des points de vente | San Lorenzo Accueil","og_description":"Trouvez le magasin San Lorenzo Home le plus proche de chez vous et d\u00e9couvrez o\u00f9 essayer les matelas, les lits et les syst\u00e8mes de literie Made in Italy.","og_url":"https:\/\/sanlorenzohome.it\/fr\/demander-des-points-de-vente\/","og_site_name":"San Lorenzo Home","article_modified_time":"2026-04-08T06:49:45+00:00","twitter_card":"summary_large_image","twitter_misc":{"Dur\u00e9e de lecture estim\u00e9e":"3 minutes"},"schema":{"@context":"https:\/\/schema.org","@graph":[{"@type":"WebPage","@id":"https:\/\/sanlorenzohome.it\/fr\/demander-des-points-de-vente\/","url":"https:\/\/sanlorenzohome.it\/fr\/demander-des-points-de-vente\/","name":"Demander des points de vente | San Lorenzo Accueil","isPartOf":{"@id":"https:\/\/sanlorenzohome.it\/fr\/#website"},"datePublished":"2021-11-14T00:36:36+00:00","dateModified":"2026-04-08T06:49:45+00:00","description":"Trouvez le magasin San Lorenzo Home le plus proche de chez vous et d\u00e9couvrez o\u00f9 essayer les matelas, les lits et les syst\u00e8mes de literie Made in Italy.","breadcrumb":{"@id":"https:\/\/sanlorenzohome.it\/fr\/demander-des-points-de-vente\/#breadcrumb"},"inLanguage":"fr-FR","potentialAction":[{"@type":"ReadAction","target":["https:\/\/sanlorenzohome.it\/fr\/demander-des-points-de-vente\/"]}]},{"@type":"BreadcrumbList","@id":"https:\/\/sanlorenzohome.it\/fr\/demander-des-points-de-vente\/#breadcrumb","itemListElement":[{"@type":"ListItem","position":1,"name":"Home","item":"https:\/\/sanlorenzohome.it\/fr\/"},{"@type":"ListItem","position":2,"name":"Demander des points de vente"}]},{"@type":"WebSite","@id":"https:\/\/sanlorenzohome.it\/fr\/#website","url":"https:\/\/sanlorenzohome.it\/fr\/","name":"San Lorenzo Home","description":"","potentialAction":[{"@type":"SearchAction","target":{"@type":"EntryPoint","urlTemplate":"https:\/\/sanlorenzohome.it\/fr\/?s={search_term_string}"},"query-input":{"@type":"PropertyValueSpecification","valueRequired":true,"valueName":"search_term_string"}}],"inLanguage":"fr-FR"}]}},"_links":{"self":[{"href":"https:\/\/sanlorenzohome.it\/fr\/wp-json\/wp\/v2\/pages\/33359","targetHints":{"allow":["GET"]}}],"collection":[{"href":"https:\/\/sanlorenzohome.it\/fr\/wp-json\/wp\/v2\/pages"}],"about":[{"href":"https:\/\/sanlorenzohome.it\/fr\/wp-json\/wp\/v2\/types\/page"}],"author":[{"embeddable":true,"href":"https:\/\/sanlorenzohome.it\/fr\/wp-json\/wp\/v2\/users\/6"}],"replies":[{"embeddable":true,"href":"https:\/\/sanlorenzohome.it\/fr\/wp-json\/wp\/v2\/comments?post=33359"}],"version-history":[{"count":6,"href":"https:\/\/sanlorenzohome.it\/fr\/wp-json\/wp\/v2\/pages\/33359\/revisions"}],"predecessor-version":[{"id":34812,"href":"https:\/\/sanlorenzohome.it\/fr\/wp-json\/wp\/v2\/pages\/33359\/revisions\/34812"}],"wp:attachment":[{"href":"https:\/\/sanlorenzohome.it\/fr\/wp-json\/wp\/v2\/media?parent=33359"}],"curies":[{"name":"wp","href":"https:\/\/api.w.org\/{rel}","templated":true}]}}